{"id":797,"date":"2026-02-12T13:58:44","date_gmt":"2026-02-12T10:58:44","guid":{"rendered":"https:\/\/primearbai.com\/ceo-primearb-ai\/"},"modified":"2026-02-13T12:21:55","modified_gmt":"2026-02-13T09:21:55","slug":"ceo-primearb-ai","status":"publish","type":"page","link":"https:\/\/primearbai.com\/de\/ceo-primearb-ai\/","title":{"rendered":"CEO PrimeARB AI"},"content":{"rendered":"\n<div class=\"wp-block-uagb-image alignright uagb-block-3f0e1d19 wp-block-uagb-image--layout-default wp-block-uagb-image--effect-static wp-block-uagb-image--align-right\"><figure class=\"wp-block-uagb-image__figure\"><img decoding=\"async\" srcset=\"https:\/\/primearbai.com\/wp-content\/uploads\/2026\/02\/1-819x1024.png ,https:\/\/primearbai.com\/wp-content\/uploads\/2026\/02\/1-e1770116178603.png 780w, https:\/\/primearbai.com\/wp-content\/uploads\/2026\/02\/1-e1770116178603.png 360w\" sizes=\"auto, (max-width: 480px) 150px\" src=\"https:\/\/primearbai.com\/wp-content\/uploads\/2026\/02\/1-819x1024.png\" alt=\"\" class=\"uag-image-555\" width=\"270\" height=\"280\" title=\"1\" loading=\"lazy\" role=\"img\"\/><\/figure><\/div>\n\n\n\n<h2 class=\"wp-block-heading\"><strong>Gr\u00fcnder und CEO von PrimeARB AI<\/strong><\/h2>\n\n\n\n<h3 class=\"wp-block-heading\"><strong>\u00dcber Nathan Michaud<\/strong><\/h3>\n\n\n\n<p>Nathan Michaud ist ein renommierter professioneller Trader mit \u00fcber 20 Jahren Erfahrung im Handel an den amerikanischen B\u00f6rsen NYSE und Nasdaq. Nathan begann seine Trading-Karriere 2003 als Student an der University of New Hampshire (Whittemore School of Business and Economics) und verwandelte seine Leidenschaft f\u00fcr Finanzm\u00e4rkte schnell in eine erfolgreiche Karriere.<\/p>\n\n\n\n<h3 class=\"wp-block-heading\"><strong>Beruflicher Werdegang<\/strong><\/h3>\n\n\n\n<p>Gr\u00fcnder von Investors Underground \u2014 einer der angesehensten Trading-Communities weltweit, in der Tausende von Tradern t\u00e4glich Zugang zu professionellen Einblicken und Daytrading-Strategien erhalten. Nathan ist bekannt f\u00fcr seine F\u00e4higkeit, den Markt zu lesen, vielversprechende Trading-Gelegenheiten zu identifizieren und konstant Gewinne \u00fcber verschiedene Marktzyklen hinweg zu erzielen.<\/p>\n\n\n\n<p>2004 startete er den InvestorsLive-Blog, der zu einer wichtigen Bildungsressource f\u00fcr Trader aller Erfahrungsstufen wurde. Entwickler der Bildungsprogramme Textbook Trading und Tandem Trader \u2014 Kurse, die auf der unabh\u00e4ngigen Plattform Investimonials die h\u00f6chsten Bewertungen erhielten.<\/p>\n\n\n\n<h3 class=\"wp-block-heading\"><strong>Philosophie und Erfolge<\/strong><\/h3>\n\n\n\n<ul class=\"wp-block-list\">\n<li><strong>Aktiver Trader:<\/strong>\u00a0Handelt t\u00e4glich an NYSE und Nasdaq und wendet seine propriet\u00e4ren Momentum-Trading-Strategien an<\/li>\n\n\n\n<li><strong>Ausbilder:<\/strong>\u00a0Hat Tausende von Tradern durch Bildungskurse, Webinare und t\u00e4gliche Trading-Sitzungen ausgebildet<\/li>\n\n\n\n<li><strong>Philanthrop:<\/strong>\u00a0Gr\u00fcnder von Traders4ACause \u2014 einer gemeinn\u00fctzigen Organisation, die Trader vereint, um Bed\u00fcrftigen zu helfen. Im ersten Jahr sammelte und spendete die Organisation \u00fcber 100.000 US-Dollar<\/li>\n<\/ul>\n\n\n\n<h3 class=\"wp-block-heading\"><strong>Expertise<\/strong><\/h3>\n\n\n\n<p>Nathan spezialisiert sich auf:<\/p>\n\n\n\n<ul class=\"wp-block-list\">\n<li>Intraday-Trading von Small- und Mid-Cap-Aktien<\/li>\n\n\n\n<li>Short-Squeeze- und Float-Rotation-Strategien<\/li>\n\n\n\n<li>Technische Analyse und Erkennung von Price-Action-Mustern<\/li>\n\n\n\n<li>Trading-Psychologie und Risikomanagement<\/li>\n\n\n\n<li>Aufbau von Trading-Systemen und algorithmischem Handel<\/li>\n<\/ul>\n\n\n\n<h3 class=\"wp-block-heading\"><strong>Mission bei PrimeARB AI<\/strong><\/h3>\n\n\n\n<p>Als Leiter der PrimeARB AI-Plattform wendet Nathan seine jahrelange Erfahrung in der Arbeit mit Finanzm\u00e4rkten und Technologie an, um ein innovatives KI-gest\u00fctztes Futures-Arbitrage-System zu schaffen. Seine Vision ist es, professionelle Trading-Strategien durch Automatisierung und k\u00fcnstliche Intelligenz einer breiten Investorenschicht zug\u00e4nglich zu machen.<\/p>\n\n\n\n<hr class=\"wp-block-separator has-alpha-channel-opacity\"\/>\n\n\n\n<blockquote class=\"wp-block-quote is-layout-flow wp-block-quote-is-layout-flow\">\n<p><strong>Haftungsausschluss:<\/strong>\u00a0Nathan verwaltet kein Kundenkapital direkt. Alle Investitionen in PrimeARB AI werden \u00fcber ein automatisiertes System auf Unterkonten bei Partner-B\u00f6rsen ausgef\u00fchrt, die auf den Namen des Nutzers registriert sind.<\/p>\n<\/blockquote>\n\n\n\n<h3 class=\"wp-block-heading\">Social Media<\/h3>\n\n\n\n<p><strong>Twitter\/X<\/strong>:&nbsp;<a href=\"https:\/\/twitter.com\/InvestorsLive\" target=\"_blank\" rel=\"noreferrer noopener\">@InvestorsLive<\/a><br><strong>Instagram<\/strong>:&nbsp;<a href=\"https:\/\/www.instagram.com\/investorslive\/\" target=\"_blank\" rel=\"noreferrer noopener\">@investorslive<\/a><br><strong>LinkedIn<\/strong>:&nbsp;<a href=\"https:\/\/www.linkedin.com\/in\/nathanmichaud\/\" target=\"_blank\" rel=\"noreferrer noopener\">Nathan Michaud<\/a><br><strong>Website<\/strong>:&nbsp;<a href=\"https:\/\/www.investorsunderground.com\/\" target=\"_blank\" rel=\"noreferrer noopener\">InvestorsUnderground.com<\/a><\/p>\n\n\n\n<hr class=\"wp-block-separator has-alpha-channel-opacity\"\/>\n\n\n\n<h3 class=\"wp-block-heading\">Quote<\/h3>\n\n\n\n<blockquote class=\"wp-block-quote is-layout-flow wp-block-quote-is-layout-flow\">\n<p><em>&#8220;Erfolgreiches Trading bedeutet nicht, die Marktrichtung zu erraten. Es geht darum, seine Nische zu finden, angemessenes Risikomanagement anzuwenden und konsequent einer bew\u00e4hrten Strategie zu folgen. Weniger Trades \u2014 mehr Fokus \u2014 h\u00f6here Gewinne.&#8221;<\/em><br>\u2014 Nathan Michaud<\/p>\n<\/blockquote>\n\n\n\n<hr class=\"wp-block-separator has-alpha-channel-opacity\"\/>\n","protected":false},"excerpt":{"rendered":"<p>Gr\u00fcnder und CEO von PrimeARB AI \u00dcber Nathan Michaud Nathan Michaud ist ein renommierter professioneller Trader mit \u00fcber 20 Jahren Erfahrung im Handel an den amerikanischen B\u00f6rsen NYSE und Nasdaq. Nathan begann seine Trading-Karriere 2003 als Student an der University of New Hampshire (Whittemore School of Business and Economics) und verwandelte seine Leidenschaft f\u00fcr Finanzm\u00e4rkte [&hellip;]<\/p>\n","protected":false},"author":1,"featured_media":0,"parent":0,"menu_order":0,"comment_status":"closed","ping_status":"closed","template":"","meta":{"_uag_custom_page_level_css":"","site-sidebar-layout":"default","site-content-layout":"","ast-site-content-layout":"default","site-content-style":"default","site-sidebar-style":"default","ast-global-header-display":"","ast-banner-title-visibility":"","ast-main-header-display":"","ast-hfb-above-header-display":"","ast-hfb-below-header-display":"","ast-hfb-mobile-header-display":"","site-post-title":"disabled","ast-breadcrumbs-content":"","ast-featured-img":"","footer-sml-layout":"","ast-disable-related-posts":"","theme-transparent-header-meta":"","adv-header-id-meta":"","stick-header-meta":"","header-above-stick-meta":"","header-main-stick-meta":"","header-below-stick-meta":"","astra-migrate-meta-layouts":"default","ast-page-background-enabled":"default","ast-page-background-meta":{"desktop":{"background-color":"var(--ast-global-color-5)","background-image":"","background-repeat":"repeat","background-position":"center center","background-size":"auto","background-attachment":"scroll","background-type":"","background-media":"","overlay-type":"","overlay-color":"","overlay-opacity":"","overlay-gradient":""},"tablet":{"background-color":"","background-image":"","background-repeat":"repeat","background-position":"center center","background-size":"auto","background-attachment":"scroll","background-type":"","background-media":"","overlay-type":"","overlay-color":"","overlay-opacity":"","overlay-gradient":""},"mobile":{"background-color":"","background-image":"","background-repeat":"repeat","background-position":"center center","background-size":"auto","background-attachment":"scroll","background-type":"","background-media":"","overlay-type":"","overlay-color":"","overlay-opacity":"","overlay-gradient":""}},"ast-content-background-meta":{"desktop":{"background-color":"var(--ast-global-color-4)","background-image":"","background-repeat":"repeat","background-position":"center center","background-size":"auto","background-attachment":"scroll","background-type":"","background-media":"","overlay-type":"","overlay-color":"","overlay-opacity":"","overlay-gradient":""},"tablet":{"background-color":"var(--ast-global-color-4)","background-image":"","background-repeat":"repeat","background-position":"center center","background-size":"auto","background-attachment":"scroll","background-type":"","background-media":"","overlay-type":"","overlay-color":"","overlay-opacity":"","overlay-gradient":""},"mobile":{"background-color":"var(--ast-global-color-4)","background-image":"","background-repeat":"repeat","background-position":"center center","background-size":"auto","background-attachment":"scroll","background-type":"","background-media":"","overlay-type":"","overlay-color":"","overlay-opacity":"","overlay-gradient":""}},"footnotes":""},"class_list":["post-797","page","type-page","status-publish","hentry"],"uagb_featured_image_src":{"full":false,"thumbnail":false,"medium":false,"medium_large":false,"large":false,"1536x1536":false,"2048x2048":false},"uagb_author_info":{"display_name":"admin","author_link":"https:\/\/primearbai.com\/de\/author\/admin\/"},"uagb_comment_info":0,"uagb_excerpt":"Gr\u00fcnder und CEO von PrimeARB AI \u00dcber Nathan Michaud Nathan Michaud ist ein renommierter professioneller Trader mit \u00fcber 20 Jahren Erfahrung im Handel an den amerikanischen B\u00f6rsen NYSE und Nasdaq. Nathan begann seine Trading-Karriere 2003 als Student an der University of New Hampshire (Whittemore School of Business and Economics) und verwandelte seine Leidenschaft f\u00fcr Finanzm\u00e4rkte&hellip;","_links":{"self":[{"href":"https:\/\/primearbai.com\/de\/wp-json\/wp\/v2\/pages\/797","targetHints":{"allow":["GET"]}}],"collection":[{"href":"https:\/\/primearbai.com\/de\/wp-json\/wp\/v2\/pages"}],"about":[{"href":"https:\/\/primearbai.com\/de\/wp-json\/wp\/v2\/types\/page"}],"author":[{"embeddable":true,"href":"https:\/\/primearbai.com\/de\/wp-json\/wp\/v2\/users\/1"}],"replies":[{"embeddable":true,"href":"https:\/\/primearbai.com\/de\/wp-json\/wp\/v2\/comments?post=797"}],"version-history":[{"count":0,"href":"https:\/\/primearbai.com\/de\/wp-json\/wp\/v2\/pages\/797\/revisions"}],"wp:attachment":[{"href":"https:\/\/primearbai.com\/de\/wp-json\/wp\/v2\/media?parent=797"}],"curies":[{"name":"wp","href":"https:\/\/api.w.org\/{rel}","templated":true}]}}