{"id":481,"date":"2026-01-12T14:12:04","date_gmt":"2026-01-12T11:12:04","guid":{"rendered":"https:\/\/primearbai.com\/about-platform\/"},"modified":"2026-02-16T11:15:24","modified_gmt":"2026-02-16T08:15:24","slug":"about-platform","status":"publish","type":"page","link":"https:\/\/primearbai.com\/de\/about-platform\/","title":{"rendered":"\u00dcber die Plattform"},"content":{"rendered":"\n<div class=\"wp-block-uagb-container uagb-block-mrnj2far alignfull uagb-is-root-container\"><div class=\"uagb-container-inner-blocks-wrap\">\n<div class=\"wp-block-uagb-info-box uagb-block-uqsguh3o uagb-infobox__content-wrap  uagb-infobox-icon-above-title uagb-infobox-image-valign-top\"><div class=\"uagb-ifb-content\"><div class=\"uagb-ifb-title-wrap\"><h2 class=\"uagb-ifb-title\"><strong>\u00dcber das PrimeArb-KI-Projekt<\/strong><\/h2><\/div><\/div><\/div>\n\n\n\n<div class=\"wp-block-uagb-container uagb-block-m5ltbmga\">\n<div class=\"wp-block-uagb-container uagb-block-dzmmznux\">\n<div class=\"wp-block-uagb-image alignleft uagb-block-tjp6ncgx wp-block-uagb-image--layout-default wp-block-uagb-image--effect-static wp-block-uagb-image--align-left\"><figure class=\"wp-block-uagb-image__figure\"><img decoding=\"async\" srcset=\"https:\/\/primearbai.com\/wp-content\/uploads\/2026\/01\/about.webp ,https:\/\/primearbai.com\/wp-content\/uploads\/2026\/01\/about.webp 780w, https:\/\/primearbai.com\/wp-content\/uploads\/2026\/01\/about.webp 360w\" sizes=\"auto, (max-width: 480px) 150px\" src=\"https:\/\/primearbai.com\/wp-content\/uploads\/2026\/01\/about.webp\" alt=\"\" class=\"uag-image-296\" width=\"1380\" height=\"372\" title=\"\" loading=\"lazy\" role=\"presentation\"\/><\/figure><\/div>\n<\/div>\n\n\n\n<div class=\"wp-block-uagb-container uagb-layout-grid uagb-block-yb9lts8j\">\n<div class=\"wp-block-uagb-info-box uagb-block-twayrgkc uagb-infobox__content-wrap  uagb-infobox-icon-above-title uagb-infobox-image-valign-top\"><div class=\"uagb-ifb-content\"><div class=\"uagb-ifb-title-wrap\"><h2 class=\"uagb-ifb-title\">Der Beginn von PrimeArb AI<\/h2><\/div><p class=\"uagb-ifb-desc\">Bei PrimeArb AI verstehen wir uns als Pioniere im Bereich der automatisierten Kryptow\u00e4hrungs-Arbitrage, und unser Team hat f\u00fcr Sie eine Plattform entwickelt, die anders funktioniert als alle anderen.<\/p><\/div><\/div>\n\n\n\n<div class=\"wp-block-uagb-info-box uagb-block-bqyiqf0c uagb-infobox__content-wrap  uagb-infobox-icon-above-title uagb-infobox-image-valign-top\"><div class=\"uagb-ifb-content\"><div class=\"uagb-ifb-title-wrap\"><\/div><p class=\"uagb-ifb-desc\">Wir haben mit der Entwicklung unserer Plattform begonnen, als wir eine Marktl\u00fccke entdeckt haben: Wir wollten Arbitrage-Handel f\u00fcr alle zug\u00e4nglich machen, die stabile Gewinne mit Kryptow\u00e4hrungen erzielen m\u00f6chten, ohne die Marktentwicklung vorhersagen zu m\u00fcssen. \u00dcber die Entwicklung von PrimeArb AI hinaus sind wir begeisterte Krypto-Technologie-Enthusiasten, die an den Wert der Blockchain glauben. Eines Tages wird diese Technologie die Welt wirklich ver\u00e4ndern, und wir m\u00f6chten zu dieser Revolution beitragen.<br>Wenn wir die Entwicklung und den Wandel des Marktes beobachten, wird uns klar, dass die Zukunft des Kryptow\u00e4hrungshandels in intelligenten automatisierten Strategien liegt. Wir arbeiten unerm\u00fcdlich daran, dass Kryptow\u00e4hrungen wachsen und allen Teilnehmern des \u00d6kosystems einen echten Mehrwert bieten.<\/p><\/div><\/div>\n<\/div>\n<\/div>\n<\/div><\/div>\n\n\n\n<div class=\"wp-block-uagb-container uagb-block-mvmwjrc5 alignfull uagb-is-root-container\"><div class=\"uagb-container-inner-blocks-wrap\">\n<div class=\"wp-block-uagb-container uagb-block-y5frdrsf\">\n<div class=\"wp-block-uagb-info-box uagb-block-azpqpvce uagb-infobox__content-wrap  uagb-infobox-icon-above-title uagb-infobox-image-valign-top\"><div class=\"uagb-ifb-content\"><div class=\"uagb-ifb-title-wrap\"><h2 class=\"uagb-ifb-title\">Die Zukunft sieht vielversprechend aus<\/h2><\/div><p class=\"uagb-ifb-desc\">Bei PrimeArb AI haben wir einen Punkt erreicht, an dem die Zukunft wirklich rosig aussieht. Wir k\u00f6nnen mit Stolz sagen, dass sich unsere harte Arbeit ausgezahlt hat und wir sehen viele Menschen, die die von uns geschaffene Plattform sch\u00e4tzen. Unser Team freut sich gespannt auf die n\u00e4chsten Schritte.<br>Zu unseren Zielen geh\u00f6rt es unter anderem, das Wissen \u00fcber Kryptow\u00e4hrungs-Arbitrage zu erweitern, damit die Menschen mit einem besseren Verst\u00e4ndnis der mathematischen Vorteile dieser Strategie handeln k\u00f6nnen. Dies ist besonders f\u00fcr Anf\u00e4nger wichtig, da wir ihnen helfen m\u00f6chten, in der Welt der Kryptow\u00e4hrungen erfolgreich zu sein.<br>Die Aufkl\u00e4rung der Menschen \u00fcber die Prinzipien des Arbitrage-Handels ist eines der Ziele unserer Plattform. Wir m\u00f6chten, dass die Menschen erfolgreich sind, und tun dies, indem wir ihnen Wissen \u00fcber die M\u00f6glichkeiten von Kryptow\u00e4hrungen und die Funktionsweise von Arbitrage vermitteln. W\u00e4hrend wir die Menschen aufkl\u00e4ren, sind wir bestrebt, an der Spitze unserer Branche zu bleiben.<br>Bitcoin hat weltweit an Popularit\u00e4t gewonnen, und wir m\u00f6chten eines der Unternehmen sein, die zu dieser Revolution beitragen. Wir hoffen, die Plattform zu werden, die jeder sucht, um Marktbewegungen zu beobachten und durch intelligente Arbitrage-Strategien profitable Trades zu t\u00e4tigen.<\/p><\/div><\/div>\n\n\n\n<div class=\"wp-block-uagb-advanced-heading uagb-block-203bf63c\"><h2 class=\"uagb-heading-text\">PrimeArb AI h\u00e4lt, was es verspricht<\/h2><\/div>\n\n\n\n<p class=\"has-ast-global-color-4-color has-text-color has-link-color wp-elements-f9a5cde123c54288bb025886c30e8c64\">Bei PrimeArb AI versprechen wir, transparent zu bleiben, genaue Daten bereitzustellen, praktisch zu sein und unsere Leidenschaft f\u00fcr Kryptow\u00e4hrungen zu nutzen, um eine hervorragende Handelsplattform zu schaffen.<\/p>\n\n\n\n<p class=\"has-ast-global-color-4-color has-text-color has-link-color wp-elements-0657c4211d79c23c701f19aa27f64f29\">Was uns auszeichnet, ist unser Engagement, das Beste im Bereich der Kryptow\u00e4hrungs-Arbitrage anzubieten. Wir arbeiten daran, ein unterst\u00fctzendes und integratives Umfeld zu schaffen, das Ihnen hilft, sich kontinuierlich \u00fcber die Welt der Kryptow\u00e4hrungen zu informieren. Im Gegensatz zu anderen Unternehmen, die zu viel versprechen und zu wenig halten, setzt PrimeArb AI realistische Erwartungen, ist jedoch stets bestrebt, diese in allem, was wir tun, zu \u00fcbertreffen.<\/p>\n<\/div>\n\n\n\n<div class=\"wp-block-uagb-container uagb-block-ywb2vved\"><\/div>\n<\/div><\/div>\n\n\n\n<div class=\"wp-block-uagb-container uagb-block-1368d07d alignfull uagb-is-root-container\"><div class=\"uagb-container-inner-blocks-wrap\">\n<div class=\"wp-block-uagb-info-box uagb-block-77172a0d uagb-infobox__content-wrap  uagb-infobox-icon-above-title uagb-infobox-image-valign-top\"><div class=\"uagb-ifb-content\"><div class=\"uagb-ifb-title-wrap\"><h2 class=\"uagb-ifb-title\">Our Principles<\/h2><\/div><\/div><\/div>\n\n\n\n<h3 class=\"wp-block-heading\">\ud83c\udfaf Mathematischer Vorteil<\/h3>\n\n\n\n<p>Wir lesen nicht aus dem Kaffeesatz und prognostizieren keine Marktbewegungen. Unsere Strategie basiert auf Statistik: 93% der abgeschlossenen Arbitrage-Trades haben einen positiven mathematischen Erwartungswert. Wir profitieren von Marktineffizienzen, nicht vom Gl\u00fcck.<\/p>\n\n\n\n<h3 class=\"wp-block-heading\">\u26a1 Technologische \u00dcberlegenheit<\/h3>\n\n\n\n<p>Der gesamte Handel wird auf Hochgeschwindigkeits-Dedicated-Servern mit minimaler Ping-Zeit zu den B\u00f6rsen durchgef\u00fchrt. Dies gew\u00e4hrleistet die Handelsausf\u00fchrung zu den besten Preisen schneller als die meisten Wettbewerber. Beim Arbitrage-Handel machen Millisekunden den entscheidenden Unterschied.<\/p>\n\n\n\n<h3 class=\"wp-block-heading\">\ud83d\udd12 Sicherheit an erster Stelle<\/h3>\n\n\n\n<p>Ihre Gelder bleiben auf Ihren B\u00f6rsenkonten. PrimeArb AI arbeitet nur \u00fcber API-Schl\u00fcssel ohne Auszahlungsberechtigungen. Wir verwahren Ihr Geld nicht \u2013 wir verwalten lediglich den Handel in Ihrem Namen.<\/p>\n\n\n\n<h3 class=\"wp-block-heading\">\ud83d\udcca <strong>Transparenz und Realismus<\/strong><\/h3>\n\n\n\n<p>Wir versprechen keine \u201e1000% pro Monat&#8221; oder \u201epassives Einkommen ohne Risiken&#8221;. Unsere realistischen Renditen liegen bei 3-25% pro Monat, abh\u00e4ngig von den Marktbedingungen. Wir sind ehrlich \u00fcber Risiken, Geb\u00fchren und Einschr\u00e4nkungen.<\/p>\n\n\n\n<div class=\"wp-block-uagb-buttons uagb-buttons__outer-wrap uagb-btn__default-btn uagb-btn-tablet__default-btn uagb-btn-mobile__default-btn uagb-block-34fceab5\"><div class=\"uagb-buttons__wrap uagb-buttons-layout-wrap \">\n<div class=\"wp-block-uagb-buttons-child uagb-buttons__outer-wrap uagb-block-f365e4df wp-block-button\"><div class=\"uagb-button__wrapper\"><a class=\"uagb-buttons-repeater wp-block-button__link\" aria-label=\"\" href=\"\/\" rel=\"follow noopener\" target=\"_self\" role=\"button\"><div class=\"uagb-button__link\">Registration<\/div><\/a><\/div><\/div>\n<\/div><\/div>\n\n\n\n<h2 class=\"wp-block-heading\">Warum PrimeArb AI die richtige Wahl ist<\/h2>\n\n\n\n<h3 class=\"wp-block-heading\"><strong>Breite Marktabdeckung<\/strong><\/h3>\n\n\n\n<p>Wir \u00fcberwachen gleichzeitig 8 f\u00fchrende Kryptow\u00e4hrungsb\u00f6rsen:<\/p>\n\n\n\n<ul class=\"wp-block-list\">\n<li>Bybit \u2014 hohe Liquidit\u00e4t bei Altcoins<\/li>\n\n\n\n<li>Binance \u2014 die weltweit gr\u00f6\u00dfte B\u00f6rse<\/li>\n\n\n\n<li>MEXC \u2014 breite Token-Auswahl<\/li>\n\n\n\n<li>Gate.io \u2014 tiefe Orderb\u00fccher<\/li>\n\n\n\n<li>Bitget \u2014 wachsende Plattform<\/li>\n\n\n\n<li>BingX \u2014 wettbewerbsf\u00e4hige Spreads<\/li>\n\n\n\n<li>OKX \u2014 institutionelle Liquidit\u00e4t<\/li>\n\n\n\n<li>WEEX \u2014 neue M\u00f6glichkeiten<\/li>\n<\/ul>\n\n\n\n<p>Je mehr B\u00f6rsen, desto mehr Arbitrage-M\u00f6glichkeiten. Unser automatisierter Scanner analysiert jede Sekunde Tausende von Handelspaaren.<\/p>\n\n\n\n<h3 class=\"wp-block-heading\">Intelligente Handelsauswahl<\/h3>\n\n\n\n<p>Nicht alle Arbitrage-M\u00f6glichkeiten sind gleich. PrimeArb AI er\u00f6ffnet Trades nur bei Spreads von 3% und h\u00f6her \u2013 dies stellt sicher, dass die Differenz alle B\u00f6rsengeb\u00fchren, Slippage abdeckt und den Zielgewinn \u00fcbrig l\u00e4sst.<\/p>\n\n\n\n<p>Echtes Handelsbeispiel:<\/p>\n\n\n\n<blockquote class=\"wp-block-quote is-layout-flow wp-block-quote-is-layout-flow\">\n<p>W\u00e4hrend einer starken Preisdekorrellation beim ZEC\/USDT-Paar auf den B\u00f6rsen Bybit und Bitget erreichte der Spread 7%. Eine Long-Position wurde auf Bybit er\u00f6ffnet, eine Short-Position auf Bitget. Mit der Zeit n\u00e4herten sich die Preise auf beiden B\u00f6rsen an, die Positionen wurden geschlossen.<\/p>\n\n\n\n<p>Ergebnis: $210 Gewinn auf Bybit, -$57 auf Bitget. Gesamtgewinn: $153 netto.<\/p>\n<\/blockquote>\n\n\n\n<h3 class=\"wp-block-heading\">Mehrstufiger Schutz<\/h3>\n\n\n\n<ul class=\"wp-block-list\">\n<li>Stop-Losses an den B\u00f6rsen gesetzt \u2013 funktionieren auch bei Internetverbindungsverlust<\/li>\n\n\n\n<li>Automatische Wiederverbindung \u00fcber Backup-Kan\u00e4le<\/li>\n\n\n\n<li>Sofortige Benachrichtigungen \u00fcber kritische Ereignisse<\/li>\n\n\n\n<li>Jederzeit manuelles Eingreifen m\u00f6glich<\/li>\n<\/ul>\n\n\n\n<h2 class=\"wp-block-heading\">F\u00fcr wen ist PrimeArb AI geeignet?<\/h2>\n\n\n\n<h3 class=\"wp-block-heading\">\u2705 Sie sind ein idealer Nutzer, wenn Sie:<\/h3>\n\n\n\n<ul class=\"wp-block-list\">\n<li>Mit Krypto verdienen m\u00f6chten, ohne die Marktrichtung vorherzusagen<\/li>\n\n\n\n<li>Eine Strategie mit positivem mathematischen Erwartungswert suchen<\/li>\n\n\n\n<li>Bereit sind, Kapital von $500 (Minimum) bis $10.000+ (optimal) einzusetzen<\/li>\n\n\n\n<li>Verstehen, dass Arbitrage kein schnelles Reich-werden ist, sondern systematisches Verdienen<\/li>\n\n\n\n<li>Automatisierung sch\u00e4tzen und Ihre Zeit freimachen m\u00f6chten<\/li>\n\n\n\n<li>Bereit sind zu lernen und die Mechanik der Strategie zu verstehen<\/li>\n<\/ul>\n\n\n\n<h3 class=\"wp-block-heading\">\u274c PrimeArb AI ist m\u00f6glicherweise nicht f\u00fcr Sie geeignet, wenn Sie:<\/h3>\n\n\n\n<ul class=\"wp-block-list\">\n<li>Garantierte Gewinne ohne Risiken suchen (solche Investitionen existieren nicht)<\/li>\n\n\n\n<li>Erwarten, Ihr Kapital in einer Woche zu verdoppeln<\/li>\n\n\n\n<li>Nicht bereit sind, die grundlegende API-Schl\u00fcssel-Einrichtung zu verstehen<\/li>\n\n\n\n<li>Einen vollst\u00e4ndig \u201ehands-off&#8221;-Ansatz ohne minimale Kontrolle w\u00fcnschen<\/li>\n<\/ul>\n\n\n\n<h2 class=\"wp-block-heading\">Realistische Erwartungen bei der Arbeit mit PrimeArb AI<\/h2>\n\n\n\n<p>Wir glauben an Ehrlichkeit gegen\u00fcber unseren Nutzern. Das k\u00f6nnen Sie erwarten:<\/p>\n\n\n\n<h3 class=\"wp-block-heading\">Renditen<\/h3>\n\n\n\n<ul class=\"wp-block-list\">\n<li>Konservative Phasen: 3-8% pro Monat<\/li>\n\n\n\n<li>Durchschnittliche Bedingungen: 8-15% pro Monat<\/li>\n\n\n\n<li>Hohe Volatilit\u00e4t: 15-25% pro Monat<\/li>\n\n\n\n<li>Jahresziel: 50-150% mit Reinvestition<\/li>\n<\/ul>\n\n\n\n<h3 class=\"wp-block-heading\">Risiken<\/h3>\n\n\n\n<ul class=\"wp-block-list\">\n<li>Nicht alle Trades sind profitabel (Statistiken zeigen ~7% Verlust-Trades)<\/li>\n\n\n\n<li>Es kann Monate mit null Rendite geben<\/li>\n\n\n\n<li>Technische Probleme an B\u00f6rsen kommen vor (selten)<\/li>\n\n\n\n<li>Extreme Marktbedingungen erfordern manuelles Eingreifen<\/li>\n<\/ul>\n\n\n\n<h3 class=\"wp-block-heading\">Ihr Engagement<\/h3>\n\n\n\n<ul class=\"wp-block-list\">\n<li>W\u00f6chentliches Monitoring: 30-60 Minuten (\u00dcberpr\u00fcfung von Statistiken, Salden)<\/li>\n\n\n\n<li>Betriebsmodus: automatisch mit manueller Anpassungsm\u00f6glichkeit<\/li>\n<\/ul>\n\n\n\n<div class=\"wp-block-uagb-buttons uagb-buttons__outer-wrap uagb-btn__default-btn uagb-btn-tablet__default-btn uagb-btn-mobile__default-btn uagb-block-b8944042\"><div class=\"uagb-buttons__wrap uagb-buttons-layout-wrap \">\n<div class=\"wp-block-uagb-buttons-child uagb-buttons__outer-wrap uagb-block-f2bc3110 wp-block-button\"><div class=\"uagb-button__wrapper\"><a class=\"uagb-buttons-repeater wp-block-button__link\" aria-label=\"\" href=\"\/\" rel=\"follow noopener\" target=\"_self\" role=\"button\"><div class=\"uagb-button__link\">Registration<\/div><\/a><\/div><\/div>\n<\/div><\/div>\n\n\n\n<h2 class=\"wp-block-heading\">Unsere Mission<\/h2>\n\n\n\n<p>Professionelle Arbitrage-Strategien f\u00fcr jeden zug\u00e4nglich zu machen, der bereit ist, die Grundlagen zu lernen und der Mathematik zu vertrauen. Wir versprechen keine Goldberge \u2013 wir bieten ein funktionierendes Werkzeug mit realistischen Renditen und kontrollierten Risiken.<\/p>\n\n\n\n<p>Der Kryptow\u00e4hrungsmarkt ist voller Ineffizienzen. Solange mehrere B\u00f6rsen mit unterschiedlicher Liquidit\u00e4t und Nachrichtenreaktionsgeschwindigkeit existieren, werden Arbitrage-M\u00f6glichkeiten bestehen. PrimeArb AI ist Ihr Schl\u00fcssel zur systematischen Nutzung dieser M\u00f6glichkeiten.<\/p>\n\n\n\n<p>Begleiten Sie uns auf dieser Reise. Lassen Sie uns gemeinsam die Volatilit\u00e4t des Kryptomarktes in eine stabile Einkommensquelle verwandeln, die nicht auf Gl\u00fcck, sondern auf Mathematik und Technologie basiert.<\/p>\n\n\n\n<h3 class=\"wp-block-heading\">Starten Sie heute mit PrimeArb AI<\/h3>\n\n\n\n<p>Bereit, den ersten Schritt in Richtung intelligenten automatisierten Handels zu machen? Registrieren Sie sich, erkunden Sie unsere Wissensbasis und beginnen Sie mit dem Demo-Modus, um die Systemmechanik ohne Risiko zu verstehen.<\/p>\n\n\n\n<p>Denken Sie daran: Beim Arbitrage-Handel spielt es keine Rolle, ob der Markt steigt oder f\u00e4llt. Wichtig ist nur die Preisdifferenz zwischen den B\u00f6rsen.<\/p>\n<\/div><\/div>\n","protected":false},"excerpt":{"rendered":"<p>PrimeArb AI h\u00e4lt, was es verspricht Bei PrimeArb AI versprechen wir, transparent zu bleiben, genaue Daten bereitzustellen, praktisch zu sein und unsere Leidenschaft f\u00fcr Kryptow\u00e4hrungen zu nutzen, um eine hervorragende Handelsplattform zu schaffen. Was uns auszeichnet, ist unser Engagement, das Beste im Bereich der Kryptow\u00e4hrungs-Arbitrage anzubieten. Wir arbeiten daran, ein unterst\u00fctzendes und integratives Umfeld zu [&hellip;]<\/p>\n","protected":false},"author":1,"featured_media":0,"parent":0,"menu_order":0,"comment_status":"closed","ping_status":"closed","template":"","meta":{"_uag_custom_page_level_css":"","site-sidebar-layout":"default","site-content-layout":"","ast-site-content-layout":"default","site-content-style":"default","site-sidebar-style":"default","ast-global-header-display":"","ast-banner-title-visibility":"","ast-main-header-display":"","ast-hfb-above-header-display":"","ast-hfb-below-header-display":"","ast-hfb-mobile-header-display":"","site-post-title":"disabled","ast-breadcrumbs-content":"","ast-featured-img":"","footer-sml-layout":"","ast-disable-related-posts":"","theme-transparent-header-meta":"","adv-header-id-meta":"","stick-header-meta":"","header-above-stick-meta":"","header-main-stick-meta":"","header-below-stick-meta":"","astra-migrate-meta-layouts":"default","ast-page-background-enabled":"default","ast-page-background-meta":{"desktop":{"background-color":"var(--ast-global-color-5)","background-image":"","background-repeat":"repeat","background-position":"center center","background-size":"auto","background-attachment":"scroll","background-type":"","background-media":"","overlay-type":"","overlay-color":"","overlay-opacity":"","overlay-gradient":""},"tablet":{"background-color":"","background-image":"","background-repeat":"repeat","background-position":"center center","background-size":"auto","background-attachment":"scroll","background-type":"","background-media":"","overlay-type":"","overlay-color":"","overlay-opacity":"","overlay-gradient":""},"mobile":{"background-color":"","background-image":"","background-repeat":"repeat","background-position":"center center","background-size":"auto","background-attachment":"scroll","background-type":"","background-media":"","overlay-type":"","overlay-color":"","overlay-opacity":"","overlay-gradient":""}},"ast-content-background-meta":{"desktop":{"background-color":"var(--ast-global-color-4)","background-image":"","background-repeat":"repeat","background-position":"center center","background-size":"auto","background-attachment":"scroll","background-type":"","background-media":"","overlay-type":"","overlay-color":"","overlay-opacity":"","overlay-gradient":""},"tablet":{"background-color":"var(--ast-global-color-4)","background-image":"","background-repeat":"repeat","background-position":"center center","background-size":"auto","background-attachment":"scroll","background-type":"","background-media":"","overlay-type":"","overlay-color":"","overlay-opacity":"","overlay-gradient":""},"mobile":{"background-color":"var(--ast-global-color-4)","background-image":"","background-repeat":"repeat","background-position":"center center","background-size":"auto","background-attachment":"scroll","background-type":"","background-media":"","overlay-type":"","overlay-color":"","overlay-opacity":"","overlay-gradient":""}},"footnotes":""},"class_list":["post-481","page","type-page","status-publish","hentry"],"uagb_featured_image_src":{"full":false,"thumbnail":false,"medium":false,"medium_large":false,"large":false,"1536x1536":false,"2048x2048":false},"uagb_author_info":{"display_name":"admin","author_link":"https:\/\/primearbai.com\/de\/author\/admin\/"},"uagb_comment_info":0,"uagb_excerpt":"PrimeArb AI h\u00e4lt, was es verspricht Bei PrimeArb AI versprechen wir, transparent zu bleiben, genaue Daten bereitzustellen, praktisch zu sein und unsere Leidenschaft f\u00fcr Kryptow\u00e4hrungen zu nutzen, um eine hervorragende Handelsplattform zu schaffen. Was uns auszeichnet, ist unser Engagement, das Beste im Bereich der Kryptow\u00e4hrungs-Arbitrage anzubieten. Wir arbeiten daran, ein unterst\u00fctzendes und integratives Umfeld zu&hellip;","_links":{"self":[{"href":"https:\/\/primearbai.com\/de\/wp-json\/wp\/v2\/pages\/481","targetHints":{"allow":["GET"]}}],"collection":[{"href":"https:\/\/primearbai.com\/de\/wp-json\/wp\/v2\/pages"}],"about":[{"href":"https:\/\/primearbai.com\/de\/wp-json\/wp\/v2\/types\/page"}],"author":[{"embeddable":true,"href":"https:\/\/primearbai.com\/de\/wp-json\/wp\/v2\/users\/1"}],"replies":[{"embeddable":true,"href":"https:\/\/primearbai.com\/de\/wp-json\/wp\/v2\/comments?post=481"}],"version-history":[{"count":0,"href":"https:\/\/primearbai.com\/de\/wp-json\/wp\/v2\/pages\/481\/revisions"}],"wp:attachment":[{"href":"https:\/\/primearbai.com\/de\/wp-json\/wp\/v2\/media?parent=481"}],"curies":[{"name":"wp","href":"https:\/\/api.w.org\/{rel}","templated":true}]}}